{"id":2,"date":"2023-06-23T09:14:55","date_gmt":"2023-06-23T09:14:55","guid":{"rendered":"http:\/\/balaguer.local\/?page_id=2"},"modified":"2023-07-17T08:32:02","modified_gmt":"2023-07-17T08:32:02","slug":"inicio","status":"publish","type":"page","link":"https:\/\/grasibalaguer.com\/es\/","title":{"rendered":"Inicio"},"content":{"rendered":"<section class=\"blq-banner-carousel gs_reveal\">\n\t<div class=\"bg with-overlay\">\n\t\t\t\t\t<video width=\"600\" height=\"400\" autoplay loop muted=\"muted\">\n\t\t\t\t<source src=\"https:\/\/grasibalaguer.com\/wp-content\/uploads\/2023\/06\/home-gras-i-balaguer.mp4\" type=\"video\/mp4\">\n\t\t\t<\/video>\n\t\t\t<\/div>\n\t\t\t<div class=\"box-content\">\n\t\t\t<div class=\"container\">\n\t\t\t\t<div class='content'><h1 style=\"text-align: center;\">M\u00e1s de <strong>40 a\u00f1os<br \/>\n<\/strong>defendiendo tus intereses<\/h1>\n<p style=\"text-align: center;\">Somos tu equipo legal de derecho mercantil, civil,<br \/>\nadministrativo, laboral, fiscal y contable, y familia.<\/p>\n<p style=\"text-align: center;\"><a href=\"#contacto\">PEDIR CITA<\/a><\/p>\n<\/div>\n\t\t\t<\/div>\n\t\t<\/div>\n\t<\/section>\n\n\n<section class=\"blq-banner-list-images-with-format\" id=\"\">\n\t<div class=\"container\">\n\t\t<p style=\"text-align: center;\">LAS SOLUCIONES QUE TE OFRECEMOS<\/p>\n<h2 style=\"text-align: center;\">Nuestra misi\u00f3n es entender tus<br \/>\nnecesidades y defender tus intereses<\/h2>\n\t\t\t\t\t<div class='cards'>\n\t\t\t\t\t\t\t\t\t<div class='card reveal'><div class='bg'>\n\t\t\t\t\t\t<figure>\n\t\t\t\t\t\t\t<img loading=\"lazy\" decoding=\"async\" width=\"330\" height=\"211\" src=\"https:\/\/grasibalaguer.com\/wp-content\/uploads\/2023\/06\/img-1-gb.png\" class=\"attachment- size-\" alt=\"\" srcset=\"https:\/\/grasibalaguer.com\/wp-content\/uploads\/2023\/06\/img-1-gb.png 330w, https:\/\/grasibalaguer.com\/wp-content\/uploads\/2023\/06\/img-1-gb-300x192.png 300w\" sizes=\"auto, (max-width: 330px) 100vw, 330px\" \/>\t\t\t\t\t\t<\/figure>\n\t\t\t\t\t\t<div class=\"info\">\n\t\t\t\t\t\t\t<h4>Derecho mercantil<\/h4>\n<p>Ofrecemos una amplia gama de servicios legales para ayudar a sus clientes a resolver cualquier problema legal relacionado con su negocio<\/p>\n\t\t\t\t\t\t\t\t\t\t\t\t\t\t\t<div class='btns'>\n\t\t\t\t\t\t\t\t\t<a href=\"\/servicios\/#mercantil\">M\u00e1s informaci\u00f3n<\/a>\n\t\t\t\t\t\t\t\t<\/div>\n\t\t\t\t\t\t\t\t\t\t\t\t\t<\/div>\n\t\t\t\t\t<\/div><\/div>\n\t\t\t\t\t\t\t\t\t<div class='card reveal'><div class='bg'>\n\t\t\t\t\t\t<figure>\n\t\t\t\t\t\t\t<img loading=\"lazy\" decoding=\"async\" width=\"330\" height=\"211\" src=\"https:\/\/grasibalaguer.com\/wp-content\/uploads\/2023\/06\/img-2-gb.svg\" class=\"attachment- size-\" alt=\"\" \/>\t\t\t\t\t\t<\/figure>\n\t\t\t\t\t\t<div class=\"info\">\n\t\t\t\t\t\t\t<h4>Laboral y S.S.<\/h4>\n<p>Nuestro equipo de abogados cuenta con una amplia experiencia en asesoramiento, negociaci\u00f3n y litigaci\u00f3n en el \u00e1mbito laboral.<\/p>\n\t\t\t\t\t\t\t\t\t\t\t\t\t\t\t<div class='btns'>\n\t\t\t\t\t\t\t\t\t<a href=\"http:\/\/grasibalaguer.com\/servicios\/#laboral\">M\u00e1s informaci\u00f3n<\/a>\n\t\t\t\t\t\t\t\t<\/div>\n\t\t\t\t\t\t\t\t\t\t\t\t\t<\/div>\n\t\t\t\t\t<\/div><\/div>\n\t\t\t\t\t\t\t\t\t<div class='card reveal'><div class='bg'>\n\t\t\t\t\t\t<figure>\n\t\t\t\t\t\t\t<img loading=\"lazy\" decoding=\"async\" width=\"330\" height=\"211\" src=\"https:\/\/grasibalaguer.com\/wp-content\/uploads\/2023\/06\/img-3-gb.svg\" class=\"attachment- size-\" alt=\"\" \/>\t\t\t\t\t\t<\/figure>\n\t\t\t\t\t\t<div class=\"info\">\n\t\t\t\t\t\t\t<h4>Fiscal y contable<\/h4>\n<p>Contamos con amplia experiencia en asesoramiento, planificaci\u00f3n y litigaci\u00f3n fiscal y contable, lo que nos permite garantizar la mejor soluci\u00f3n.<\/p>\n\t\t\t\t\t\t\t\t\t\t\t\t\t\t\t<div class='btns'>\n\t\t\t\t\t\t\t\t\t<a href=\"\/servicios\/#fiscal\">M\u00e1s informaci\u00f3n<\/a>\n\t\t\t\t\t\t\t\t<\/div>\n\t\t\t\t\t\t\t\t\t\t\t\t\t<\/div>\n\t\t\t\t\t<\/div><\/div>\n\t\t\t\t\t\t\t\t\t<div class='card reveal'><div class='bg'>\n\t\t\t\t\t\t<figure>\n\t\t\t\t\t\t\t<img loading=\"lazy\" decoding=\"async\" width=\"330\" height=\"211\" src=\"https:\/\/grasibalaguer.com\/wp-content\/uploads\/2023\/06\/img-4-gb.svg\" class=\"attachment- size-\" alt=\"\" \/>\t\t\t\t\t\t<\/figure>\n\t\t\t\t\t\t<div class=\"info\">\n\t\t\t\t\t\t\t<h4>Administrativo<\/h4>\n<p>Asesoramiento y representaci\u00f3n legal en todas las \u00e1reas del Derecho Administrativo para empresas y particulares.<\/p>\n\t\t\t\t\t\t\t\t\t\t\t\t\t\t\t<div class='btns'>\n\t\t\t\t\t\t\t\t\t<a href=\"\/servicios\/#administrativo\">M\u00e1s informaci\u00f3n<\/a>\n\t\t\t\t\t\t\t\t<\/div>\n\t\t\t\t\t\t\t\t\t\t\t\t\t<\/div>\n\t\t\t\t\t<\/div><\/div>\n\t\t\t\t\t\t\t<\/div>\n\t\t\t<\/div>\n<\/section>\n\n\n<section class=\"blq-banner-img-txt  banner-verde \" >\n\t<div class=\"container\">\n\t\t<div class=\"img gs_reveal gs_reveal_fromRight \">\n\t\t\t\t\t\t<img loading=\"lazy\" decoding=\"async\" width=\"755\" height=\"887\" src=\"https:\/\/grasibalaguer.com\/wp-content\/uploads\/2023\/06\/im-contact-form.png\" class=\"attachment- size-\" alt=\"\" srcset=\"https:\/\/grasibalaguer.com\/wp-content\/uploads\/2023\/06\/im-contact-form.png 755w, https:\/\/grasibalaguer.com\/wp-content\/uploads\/2023\/06\/im-contact-form-255x300.png 255w\" sizes=\"auto, (max-width: 755px) 100vw, 755px\" \/>\t\t\t\t\t<\/div>\n\t\t<div class=\"txt gs_reveal gs_reveal_fromLeft\">\n\t\t\t<div class='bx'>\n\t\t\t\t<div class=\"content\"><h2>Dos generaciones de<br \/>\nabogados a tu servicio<\/h2>\n<h4>M\u00e1s de 40 a\u00f1os dedicados<br \/>\na nuestros clientes<\/h4>\n<ul>\n<li>Jos\u00e9 Ma. Gras Balaguer fund\u00f3 la firma en 1979 con la misi\u00f3n de ofrecer el servicio m\u00e1s completo, orientado tanto a representar los intereses de los sujetos de la actividad econ\u00f3mica, como a solucionar las cuestiones que se plantean a nivel particular.<\/li>\n<li>Hemos desarrollado nuestro bufete a la par que la actividad econ\u00f3mica y social actual, ocupando nuestras instalaciones en Barcelona, calle Tuset 20-24, 6\u00aa planta, desde el a\u00f1o 2006.<\/li>\n<\/ul>\n<p><a href=\"\/contacto\">PEDIR CITA<\/a><\/p>\n<\/div>\n\t\t\t<\/div>\n\t\t<\/div>\n\t<\/div>\n<\/section>\n\n\n\n<div class=\"wp-block-group box-adaptacmos-necesidades\"><div class=\"wp-block-group__inner-container is-layout-constrained wp-block-group-is-layout-constrained\">\n<p class=\"has-text-align-center\">TRATO CERCANO Y PERSONALIZADO<\/p>\n\n\n\n<h2 class=\"wp-block-heading has-text-align-center\">Nos adaptamos a <br>tus necesidades<\/h2>\n\n\n\n<div class=\"wp-block-columns is-layout-flex wp-container-core-columns-is-layout-9d6595d7 wp-block-columns-is-layout-flex\">\n<div class=\"wp-block-column is-layout-flow wp-block-column-is-layout-flow\"><div class=\"wp-block-image\">\n<figure class=\"aligncenter size-large\"><img loading=\"lazy\" decoding=\"async\" width=\"89\" height=\"89\" src=\"http:\/\/grasibalaguer.com\/wp-content\/uploads\/2023\/06\/icon-1.svg\" alt=\"\" class=\"wp-image-205\"\/><\/figure>\n<\/div>\n\n\n<h3 class=\"wp-block-heading has-text-align-center\"><strong>Tenemos experiencia<\/strong><\/h3>\n\n\n\n<p class=\"has-text-align-center\">Brindamos atenci\u00f3n procesal ante los Tribunales en todos los casos, lo que significa que te representaremos con toda nuestra experiencia.<\/p>\n<\/div>\n\n\n\n<div class=\"wp-block-column is-layout-flow wp-block-column-is-layout-flow\"><div class=\"wp-block-image\">\n<figure class=\"aligncenter size-large\"><img loading=\"lazy\" decoding=\"async\" width=\"89\" height=\"89\" src=\"http:\/\/grasibalaguer.com\/wp-content\/uploads\/2023\/06\/icon-2.svg\" alt=\"\" class=\"wp-image-206\"\/><\/figure>\n<\/div>\n\n\n<h3 class=\"wp-block-heading has-text-align-center\">Somos innovadores<\/h3>\n\n\n\n<p class=\"has-text-align-center\">Nuestro compromiso es ofrecerte un servicio legal cercano y artesanal, pero sin descuidar el uso de las tecnolog\u00edas m\u00e1s avanzadas.<\/p>\n<\/div>\n\n\n\n<div class=\"wp-block-column is-layout-flow wp-block-column-is-layout-flow\"><div class=\"wp-block-image\">\n<figure class=\"aligncenter size-large\"><img loading=\"lazy\" decoding=\"async\" width=\"89\" height=\"89\" src=\"http:\/\/grasibalaguer.com\/wp-content\/uploads\/2023\/06\/icon-3.svg\" alt=\"\" class=\"wp-image-207\"\/><\/figure>\n<\/div>\n\n\n<h3 class=\"wp-block-heading has-text-align-center\">Somos flexibles<\/h3>\n\n\n\n<p class=\"has-text-align-center\">Ofrecemos tarifas m\u00e1s competitivas, personalizamos nuestros servicios y nos adaptamos a cualquier proceso.<\/p>\n<\/div>\n<\/div>\n\n\n\n<div class=\"wp-block-buttons is-content-justification-center is-layout-flex wp-container-core-buttons-is-layout-16018d1d wp-block-buttons-is-layout-flex\">\n<div class=\"wp-block-button\"><a class=\"wp-block-button__link has-text-align-right wp-element-button\" href=\"\/es\/contacto\">Contactar<\/a><\/div>\n<\/div>\n<\/div><\/div>\n","protected":false},"excerpt":{"rendered":"<p>TRATO CERCANO Y PERSONALIZADO Nos adaptamos a tus necesidades Tenemos experiencia Brindamos atenci\u00f3n procesal ante los Tribunales en todos los casos, lo que significa que te representaremos con toda nuestra experiencia. Somos innovadores Nuestro compromiso es ofrecerte un servicio legal cercano y artesanal, pero sin descuidar el uso de las tecnolog\u00edas m\u00e1s avanzadas. Somos flexibles&#8230; <a class=\"excerpt-read-more\" href=\"https:\/\/grasibalaguer.com\/es\/\" title=\"Read Inicio\">Leer m\u00e1s &raquo;<\/a><\/p>\n","protected":false},"author":1,"featured_media":198,"parent":0,"menu_order":0,"comment_status":"closed","ping_status":"closed","template":"page-full-width.php","meta":{"footnotes":""},"class_list":["post-2","page","type-page","status-publish","has-post-thumbnail","hentry"],"acf":[],"yoast_head":"<!-- This site is optimized with the Yoast SEO plugin v20.9 - https:\/\/yoast.com\/wordpress\/plugins\/seo\/ -->\n<title>Gras i Balaguer Abogados - Expertos en Defender tus Intereses<\/title>\n<meta name=\"description\" content=\"Bufete de abogados en Barcelona. Somos expertos en derecho mercantil, civil, administrativo, laboral, fiscal y contable, y familia.\" \/>\n<meta name=\"robots\" content=\"index, follow, max-snippet:-1, max-image-preview:large, max-video-preview:-1\" \/>\n<link rel=\"canonical\" href=\"https:\/\/grasibalaguer.com\/es\/\" \/>\n<meta property=\"og:locale\" content=\"es_ES\" \/>\n<meta property=\"og:type\" content=\"article\" \/>\n<meta property=\"og:title\" content=\"Gras i Balaguer Abogados - Expertos en Defender tus Intereses\" \/>\n<meta property=\"og:description\" content=\"Bufete de abogados en Barcelona. Somos expertos en derecho mercantil, civil, administrativo, laboral, fiscal y contable, y familia.\" \/>\n<meta property=\"og:url\" content=\"https:\/\/grasibalaguer.com\/es\/\" \/>\n<meta property=\"og:site_name\" content=\"Gras i Balaguer\" \/>\n<meta property=\"article:modified_time\" content=\"2023-07-17T08:32:02+00:00\" \/>\n<meta property=\"og:image\" content=\"https:\/\/grasibalaguer.com\/wp-content\/uploads\/2023\/06\/im-contact-form.png\" \/>\n\t<meta property=\"og:image:width\" content=\"755\" \/>\n\t<meta property=\"og:image:height\" content=\"887\" \/>\n\t<meta property=\"og:image:type\" content=\"image\/png\" \/>\n<meta name=\"twitter:card\" content=\"summary_large_image\" \/>\n<meta name=\"twitter:label1\" content=\"Tiempo de lectura\" \/>\n\t<meta name=\"twitter:data1\" content=\"1 minuto\" \/>\n<script type=\"application\/ld+json\" class=\"yoast-schema-graph\">{\"@context\":\"https:\/\/schema.org\",\"@graph\":[{\"@type\":\"WebPage\",\"@id\":\"https:\/\/grasibalaguer.com\/es\/\",\"url\":\"https:\/\/grasibalaguer.com\/es\/\",\"name\":\"Gras i Balaguer Abogados - Expertos en Defender tus Intereses\",\"isPartOf\":{\"@id\":\"https:\/\/grasibalaguer.com\/es\/#website\"},\"datePublished\":\"2023-06-23T09:14:55+00:00\",\"dateModified\":\"2023-07-17T08:32:02+00:00\",\"description\":\"Bufete de abogados en Barcelona. Somos expertos en derecho mercantil, civil, administrativo, laboral, fiscal y contable, y familia.\",\"breadcrumb\":{\"@id\":\"https:\/\/grasibalaguer.com\/es\/#breadcrumb\"},\"inLanguage\":\"es\",\"potentialAction\":[{\"@type\":\"ReadAction\",\"target\":[\"https:\/\/grasibalaguer.com\/es\/\"]}]},{\"@type\":\"BreadcrumbList\",\"@id\":\"https:\/\/grasibalaguer.com\/es\/#breadcrumb\",\"itemListElement\":[{\"@type\":\"ListItem\",\"position\":1,\"name\":\"Home\",\"item\":\"https:\/\/grasibalaguer.com\/es\/\"},{\"@type\":\"ListItem\",\"position\":2,\"name\":\"Inicio\"}]},{\"@type\":\"WebSite\",\"@id\":\"https:\/\/grasibalaguer.com\/es\/#website\",\"url\":\"https:\/\/grasibalaguer.com\/es\/\",\"name\":\"Gras i Balaguer\",\"description\":\"Somos tu equipo legal de derecho mercantil, civil, administrativo, laboral, fiscal y contable, y familia.\",\"publisher\":{\"@id\":\"https:\/\/grasibalaguer.com\/es\/#organization\"},\"potentialAction\":[{\"@type\":\"SearchAction\",\"target\":{\"@type\":\"EntryPoint\",\"urlTemplate\":\"https:\/\/grasibalaguer.com\/es\/?s={search_term_string}\"},\"query-input\":\"required name=search_term_string\"}],\"inLanguage\":\"es\"},{\"@type\":\"Organization\",\"@id\":\"https:\/\/grasibalaguer.com\/es\/#organization\",\"name\":\"Gras i Balaguer Advocats\",\"url\":\"https:\/\/grasibalaguer.com\/es\/\",\"logo\":{\"@type\":\"ImageObject\",\"inLanguage\":\"es\",\"@id\":\"https:\/\/grasibalaguer.com\/es\/#\/schema\/logo\/image\/\",\"url\":\"http:\/\/grasibalaguer.com\/wp-content\/uploads\/2023\/06\/logo-gras-y-balaguer.svg\",\"contentUrl\":\"http:\/\/grasibalaguer.com\/wp-content\/uploads\/2023\/06\/logo-gras-y-balaguer.svg\",\"width\":276,\"height\":69,\"caption\":\"Gras i Balaguer Advocats\"},\"image\":{\"@id\":\"https:\/\/grasibalaguer.com\/es\/#\/schema\/logo\/image\/\"}}]}<\/script>\n<!-- \/ Yoast SEO plugin. -->","yoast_head_json":{"title":"Gras i Balaguer Abogados - Expertos en Defender tus Intereses","description":"Bufete de abogados en Barcelona. Somos expertos en derecho mercantil, civil, administrativo, laboral, fiscal y contable, y familia.","robots":{"index":"index","follow":"follow","max-snippet":"max-snippet:-1","max-image-preview":"max-image-preview:large","max-video-preview":"max-video-preview:-1"},"canonical":"https:\/\/grasibalaguer.com\/es\/","og_locale":"es_ES","og_type":"article","og_title":"Gras i Balaguer Abogados - Expertos en Defender tus Intereses","og_description":"Bufete de abogados en Barcelona. Somos expertos en derecho mercantil, civil, administrativo, laboral, fiscal y contable, y familia.","og_url":"https:\/\/grasibalaguer.com\/es\/","og_site_name":"Gras i Balaguer","article_modified_time":"2023-07-17T08:32:02+00:00","og_image":[{"width":755,"height":887,"url":"https:\/\/grasibalaguer.com\/wp-content\/uploads\/2023\/06\/im-contact-form.png","type":"image\/png"}],"twitter_card":"summary_large_image","twitter_misc":{"Tiempo de lectura":"1 minuto"},"schema":{"@context":"https:\/\/schema.org","@graph":[{"@type":"WebPage","@id":"https:\/\/grasibalaguer.com\/es\/","url":"https:\/\/grasibalaguer.com\/es\/","name":"Gras i Balaguer Abogados - Expertos en Defender tus Intereses","isPartOf":{"@id":"https:\/\/grasibalaguer.com\/es\/#website"},"datePublished":"2023-06-23T09:14:55+00:00","dateModified":"2023-07-17T08:32:02+00:00","description":"Bufete de abogados en Barcelona. Somos expertos en derecho mercantil, civil, administrativo, laboral, fiscal y contable, y familia.","breadcrumb":{"@id":"https:\/\/grasibalaguer.com\/es\/#breadcrumb"},"inLanguage":"es","potentialAction":[{"@type":"ReadAction","target":["https:\/\/grasibalaguer.com\/es\/"]}]},{"@type":"BreadcrumbList","@id":"https:\/\/grasibalaguer.com\/es\/#breadcrumb","itemListElement":[{"@type":"ListItem","position":1,"name":"Home","item":"https:\/\/grasibalaguer.com\/es\/"},{"@type":"ListItem","position":2,"name":"Inicio"}]},{"@type":"WebSite","@id":"https:\/\/grasibalaguer.com\/es\/#website","url":"https:\/\/grasibalaguer.com\/es\/","name":"Gras i Balaguer","description":"Somos tu equipo legal de derecho mercantil, civil, administrativo, laboral, fiscal y contable, y familia.","publisher":{"@id":"https:\/\/grasibalaguer.com\/es\/#organization"},"potentialAction":[{"@type":"SearchAction","target":{"@type":"EntryPoint","urlTemplate":"https:\/\/grasibalaguer.com\/es\/?s={search_term_string}"},"query-input":"required name=search_term_string"}],"inLanguage":"es"},{"@type":"Organization","@id":"https:\/\/grasibalaguer.com\/es\/#organization","name":"Gras i Balaguer Advocats","url":"https:\/\/grasibalaguer.com\/es\/","logo":{"@type":"ImageObject","inLanguage":"es","@id":"https:\/\/grasibalaguer.com\/es\/#\/schema\/logo\/image\/","url":"http:\/\/grasibalaguer.com\/wp-content\/uploads\/2023\/06\/logo-gras-y-balaguer.svg","contentUrl":"http:\/\/grasibalaguer.com\/wp-content\/uploads\/2023\/06\/logo-gras-y-balaguer.svg","width":276,"height":69,"caption":"Gras i Balaguer Advocats"},"image":{"@id":"https:\/\/grasibalaguer.com\/es\/#\/schema\/logo\/image\/"}}]}},"_links":{"self":[{"href":"https:\/\/grasibalaguer.com\/es\/wp-json\/wp\/v2\/pages\/2","targetHints":{"allow":["GET"]}}],"collection":[{"href":"https:\/\/grasibalaguer.com\/es\/wp-json\/wp\/v2\/pages"}],"about":[{"href":"https:\/\/grasibalaguer.com\/es\/wp-json\/wp\/v2\/types\/page"}],"author":[{"embeddable":true,"href":"https:\/\/grasibalaguer.com\/es\/wp-json\/wp\/v2\/users\/1"}],"replies":[{"embeddable":true,"href":"https:\/\/grasibalaguer.com\/es\/wp-json\/wp\/v2\/comments?post=2"}],"version-history":[{"count":55,"href":"https:\/\/grasibalaguer.com\/es\/wp-json\/wp\/v2\/pages\/2\/revisions"}],"predecessor-version":[{"id":623,"href":"https:\/\/grasibalaguer.com\/es\/wp-json\/wp\/v2\/pages\/2\/revisions\/623"}],"wp:featuredmedia":[{"embeddable":true,"href":"https:\/\/grasibalaguer.com\/es\/wp-json\/wp\/v2\/media\/198"}],"wp:attachment":[{"href":"https:\/\/grasibalaguer.com\/es\/wp-json\/wp\/v2\/media?parent=2"}],"curies":[{"name":"wp","href":"https:\/\/api.w.org\/{rel}","templated":true}]}}